{"id":7,"date":"2018-10-16T13:18:25","date_gmt":"2018-10-16T13:18:25","guid":{"rendered":"http:\/\/localhost\/inPlantar\/?page_id=7"},"modified":"2019-02-01T13:19:38","modified_gmt":"2019-02-01T13:19:38","slug":"a-empresa","status":"publish","type":"page","link":"https:\/\/inplantar.com\/index.php\/a-empresa\/","title":{"rendered":"A EMPRESA"},"content":{"rendered":"<p>A <strong>INPLANTAR &#8211; Meio Ambiente e Engenharia<\/strong>, fundada no ano de 2008 em Natal, Rio Grande do Norte, \u00e9 composta por equipe multidisciplinar de especialistas, mestres e doutores com reconhecimento internacional.<\/p>\n<p>A empresa possui atua\u00e7\u00e3o em todos os estados do nordeste desenvolvendo projetos na \u00e1rea de licenciamento ambiental, topografia, consultorias, prospec\u00e7\u00e3o de fontes energ\u00e9ticas renov\u00e1veis e elabora\u00e7\u00e3o de seus projetos, elabora\u00e7\u00e3o de solu\u00e7\u00f5es em Sistemas de Informa\u00e7\u00f5es Geogr\u00e1ficas (SIG), estudos de viabilidade t\u00e9cnica-econ\u00f4mica e ambiental.<\/p>\n<p>Tem como principal caracter\u00edstica a capacidade de integrar e aplicar tecnologias visando sempre os cuidados ambientais necess\u00e1rios, de acordo com a realidade espec\u00edfica de cada setor empresarial.<\/p>\n<hr \/>\n<h3 style=\"text-align: left;\">S\u00d3CIOS MAJORIT\u00c1RIOS<\/h3>\n<p>&nbsp;<\/p>\n<h4>Josenberg Rocha Martins J\u00fanior<\/h4>\n<ul>\n<li>Gerente de Projetos, Meio Ambiente e Energias Renov\u00e1veis pela Deutsche Gesellschaft f\u00fcr Internationale Zusammenarbeit &#8211; GIZ.<\/li>\n<li>Mestre em Ci\u00eancias e Engenharia com \u00eanfase em Geoprocessamento e Sensoriamento Remoto.<\/li>\n<li>P\u00f3s-graduado em Gest\u00e3o Ambiental.<\/li>\n<li>P\u00f3s-graduado em Engenharia de Petr\u00f3leo e G\u00e1s.<\/li>\n<li>Bacharel em Ci\u00eancias Biol\u00f3gicas<\/li>\n<li>Gradua\u00e7\u00e3o Superior em Tecnologia em Meio Ambiente.<\/li>\n<li>S\u00f3cio fundador da INPLANTAR &#8211; Meio Ambiente e Engenharia Ltda, contribuindo para o desenvolvimento de projetos e aplica\u00e7\u00e3o de Tecnologias Ambientais.<\/li>\n<li>Mais de 15 anos de acervo t\u00e9cnico registrados nos conselhos de classe (CREA e CRBio).<\/li>\n<li>Atua\u00e7\u00e3o marcante em projetos na interface Engenharia, Meio Ambiente, Tecnologia e Desenvolvimento Sustent\u00e1vel.<\/li>\n<\/ul>\n<h4>Raniere Rodrigues Melo de Lima<\/h4>\n<ul>\n<li>Engenheiro Civil e Mestre em Engenharia Sanit\u00e1ria pela Universidade Federal do Rio Grande do Norte em 2008 e mestre em Engenharia.<\/li>\n<li>Desenvolveu trabalhos na \u00e1rea de Recursos H\u00eddricos em segmentos como \u00c1guas Urbanas e Modelagem Hidrol\u00f3gica.<\/li>\n<li>Atuou no per\u00edodo de 2011 a 2017 como Pesquisador para o CTGAS-ER (Centro de Tecnologias do G\u00e1s e Energias Renov\u00e1veis) vinculado ao Laborat\u00f3rio de Mapas e Dados de Recursos Energ\u00e9ticos &#8211; LMD, com experi\u00eancia em prospec\u00e7\u00e3o de fontes energ\u00e9ticas renov\u00e1veis em ambiente SIG (Sistema de Informa\u00e7\u00e3o Geogr\u00e1fica), modelagem hidrol\u00f3gica, desenvolvimento de solu\u00e7\u00f5es em SIG atrav\u00e9s de aplica\u00e7\u00e3o de linguagem computacional (VBA, JAVA e Python), an\u00e1lises de uso e ocupa\u00e7\u00e3o do solo atrav\u00e9s de t\u00e9cnicas de geoprocessamento e sensoriamento remoto.<\/li>\n<li>Possui capacita\u00e7\u00f5es na \u00e1rea de Meteorologia por Sat\u00e9lite (Instituto Nacional de Pesquisas Espaciais &#8211; INPE, Centro de Previs\u00e3o de Tempo e Estudos Clim\u00e1ticos &#8211; CPTEC) e em Management Environmental Technology (Deutsche Gesellschaft f\u00fcr Internationale Zusammenarbeit GmbH \u2013 GIZ).<\/li>\n<\/ul>\n","protected":false},"excerpt":{"rendered":"<p>A INPLANTAR &#8211; Meio Ambiente e Engenharia, fundada no ano de 2008 em Natal, Rio Grande do Norte, \u00e9 composta por equipe multidisciplinar de especialistas, mestres e doutores com reconhecimento internacional. A empresa possui atua\u00e7\u00e3o em todos os estados do nordeste desenvolvendo projetos na \u00e1rea de licenciamento ambiental, topografia, consultorias, prospec\u00e7\u00e3o de fontes energ\u00e9ticas renov\u00e1veis [&hellip;]<\/p>\n","protected":false},"author":1,"featured_media":103,"parent":0,"menu_order":0,"comment_status":"closed","ping_status":"closed","template":"","meta":[],"_links":{"self":[{"href":"https:\/\/inplantar.com\/index.php\/wp-json\/wp\/v2\/pages\/7"}],"collection":[{"href":"https:\/\/inplantar.com\/index.php\/wp-json\/wp\/v2\/pages"}],"about":[{"href":"https:\/\/inplantar.com\/index.php\/wp-json\/wp\/v2\/types\/page"}],"author":[{"embeddable":true,"href":"https:\/\/inplantar.com\/index.php\/wp-json\/wp\/v2\/users\/1"}],"replies":[{"embeddable":true,"href":"https:\/\/inplantar.com\/index.php\/wp-json\/wp\/v2\/comments?post=7"}],"version-history":[{"count":28,"href":"https:\/\/inplantar.com\/index.php\/wp-json\/wp\/v2\/pages\/7\/revisions"}],"predecessor-version":[{"id":234,"href":"https:\/\/inplantar.com\/index.php\/wp-json\/wp\/v2\/pages\/7\/revisions\/234"}],"wp:featuredmedia":[{"embeddable":true,"href":"https:\/\/inplantar.com\/index.php\/wp-json\/wp\/v2\/media\/103"}],"wp:attachment":[{"href":"https:\/\/inplantar.com\/index.php\/wp-json\/wp\/v2\/media?parent=7"}],"curies":[{"name":"wp","href":"https:\/\/api.w.org\/{rel}","templated":true}]}}